{"id":317,"date":"2024-08-22T09:24:07","date_gmt":"2024-08-22T07:24:07","guid":{"rendered":"https:\/\/m-hasenauer.bplaced.net\/?post_type=product&#038;p=317"},"modified":"2024-08-22T10:02:17","modified_gmt":"2024-08-22T08:02:17","slug":"mediterraner-mix","status":"publish","type":"product","link":"https:\/\/m-hasenauer.bplaced.net\/?product=mediterraner-mix","title":{"rendered":"Mediterraner Mix"},"content":{"rendered":"<p>Mediterraner Gew\u00fcrz-Mix<br \/>\nUnser mediterranes Gew\u00fcrz bringt den Geschmack des S\u00fcdens direkt in Ihre K\u00fcche. Eine perfekt abgestimmte Mischung aus aromatischem Basilikum, Oregano, Rosmarin und Thymian, verfeinert mit einem Hauch von Knoblauch und Zitronenschale. Ideal f\u00fcr Pasta, Fleischgerichte, Salate und mehr. Verleihen Sie Ihren Gerichten die Sonne des Mittelmeers mit jeder Prise.<\/p>\n<p>Ein Muss f\u00fcr Liebhaber der mediterranen K\u00fcche!<\/p>\n","protected":false},"excerpt":{"rendered":"<p><strong>Mediterraner Gew\u00fcrz-Mix<\/strong><br \/>\nAromatische Kr\u00e4uter des Mittelmeers f\u00fcr den authentischen Geschmack. Perfekt f\u00fcr Pasta, Fleisch und Gem\u00fcse.<\/p>\n","protected":false},"featured_media":318,"comment_status":"open","ping_status":"closed","template":"","meta":{"_eb_attr":""},"product_cat":[27],"product_tag":[28,31,30,29],"class_list":{"0":"post-317","1":"product","2":"type-product","3":"status-publish","4":"has-post-thumbnail","6":"product_cat-gewuerze","7":"product_tag-gewuerz","8":"product_tag-mediterran","9":"product_tag-mix","10":"product_tag-spice","12":"first","13":"instock","14":"shipping-taxable","15":"purchasable","16":"product-type-simple"},"_links":{"self":[{"href":"https:\/\/m-hasenauer.bplaced.net\/index.php?rest_route=\/wp\/v2\/product\/317","targetHints":{"allow":["GET"]}}],"collection":[{"href":"https:\/\/m-hasenauer.bplaced.net\/index.php?rest_route=\/wp\/v2\/product"}],"about":[{"href":"https:\/\/m-hasenauer.bplaced.net\/index.php?rest_route=\/wp\/v2\/types\/product"}],"replies":[{"embeddable":true,"href":"https:\/\/m-hasenauer.bplaced.net\/index.php?rest_route=%2Fwp%2Fv2%2Fcomments&post=317"}],"wp:featuredmedia":[{"embeddable":true,"href":"https:\/\/m-hasenauer.bplaced.net\/index.php?rest_route=\/wp\/v2\/media\/318"}],"wp:attachment":[{"href":"https:\/\/m-hasenauer.bplaced.net\/index.php?rest_route=%2Fwp%2Fv2%2Fmedia&parent=317"}],"wp:term":[{"taxonomy":"product_cat","embeddable":true,"href":"https:\/\/m-hasenauer.bplaced.net\/index.php?rest_route=%2Fwp%2Fv2%2Fproduct_cat&post=317"},{"taxonomy":"product_tag","embeddable":true,"href":"https:\/\/m-hasenauer.bplaced.net\/index.php?rest_route=%2Fwp%2Fv2%2Fproduct_tag&post=317"}],"curies":[{"name":"wp","href":"https:\/\/api.w.org\/{rel}","templated":true}]}}