{"id":319,"date":"2024-08-22T09:36:05","date_gmt":"2024-08-22T07:36:05","guid":{"rendered":"https:\/\/m-hasenauer.bplaced.net\/?post_type=product&#038;p=319"},"modified":"2024-11-13T11:15:49","modified_gmt":"2024-11-13T10:15:49","slug":"perfect-pasta","status":"publish","type":"product","link":"https:\/\/m-hasenauer.bplaced.net\/?product=perfect-pasta","title":{"rendered":"Perfect Pasta"},"content":{"rendered":"<p>Perfect Pasta<br \/>\nUnsere &#8222;Perfect Pasta&#8220;-Gew\u00fcrzmischung ist die ideale Erg\u00e4nzung f\u00fcr jede Nudelkreation. Mit einer harmonischen Kombination aus getrockneten Tomaten, Knoblauch, Basilikum, Oregano und einer feinen Prise Chili bringt sie den vollmundigen Geschmack Italiens direkt auf Ihren Teller. Perfekt abgestimmt f\u00fcr alle Pastagerichte, von Spaghetti Bolognese bis hin zu cremigen Carbonara. Einfach zu dosieren und unverzichtbar f\u00fcr alle Pasta-Liebhaber!<\/p>\n","protected":false},"excerpt":{"rendered":"<p>Perfect Pasta<br \/>\nPerfekt abgestimmte Gew\u00fcrzmischung f\u00fcr aromatische Pastagerichte. Voller italienischer Aromen f\u00fcr den ultimativen Genuss!<\/p>\n","protected":false},"featured_media":320,"comment_status":"open","ping_status":"closed","template":"","meta":{"_eb_attr":""},"product_cat":[27],"product_tag":[28,32,29],"class_list":{"0":"post-319","1":"product","2":"type-product","3":"status-publish","4":"has-post-thumbnail","6":"product_cat-gewuerze","7":"product_tag-gewuerz","8":"product_tag-pasta","9":"product_tag-spice","10":"pa_farbe-grau","11":"pa_farbe-schwarz","13":"first","14":"instock","15":"shipping-taxable","16":"purchasable","17":"product-type-variable"},"_links":{"self":[{"href":"https:\/\/m-hasenauer.bplaced.net\/index.php?rest_route=\/wp\/v2\/product\/319","targetHints":{"allow":["GET"]}}],"collection":[{"href":"https:\/\/m-hasenauer.bplaced.net\/index.php?rest_route=\/wp\/v2\/product"}],"about":[{"href":"https:\/\/m-hasenauer.bplaced.net\/index.php?rest_route=\/wp\/v2\/types\/product"}],"replies":[{"embeddable":true,"href":"https:\/\/m-hasenauer.bplaced.net\/index.php?rest_route=%2Fwp%2Fv2%2Fcomments&post=319"}],"wp:featuredmedia":[{"embeddable":true,"href":"https:\/\/m-hasenauer.bplaced.net\/index.php?rest_route=\/wp\/v2\/media\/320"}],"wp:attachment":[{"href":"https:\/\/m-hasenauer.bplaced.net\/index.php?rest_route=%2Fwp%2Fv2%2Fmedia&parent=319"}],"wp:term":[{"taxonomy":"product_cat","embeddable":true,"href":"https:\/\/m-hasenauer.bplaced.net\/index.php?rest_route=%2Fwp%2Fv2%2Fproduct_cat&post=319"},{"taxonomy":"product_tag","embeddable":true,"href":"https:\/\/m-hasenauer.bplaced.net\/index.php?rest_route=%2Fwp%2Fv2%2Fproduct_tag&post=319"}],"curies":[{"name":"wp","href":"https:\/\/api.w.org\/{rel}","templated":true}]}}